{"id":125,"date":"2026-02-15T23:00:10","date_gmt":"2026-02-15T23:00:10","guid":{"rendered":"http:\/\/izmirtemizlikajansi.com\/?page_id=125"},"modified":"2026-02-16T00:06:01","modified_gmt":"2026-02-16T00:06:01","slug":"iletisim","status":"publish","type":"page","link":"https:\/\/izmirtemizlikajansi.com\/?page_id=125","title":{"rendered":"\u0130leti\u015fim"},"content":{"rendered":"\n<div class=\"wp-block-columns is-layout-flex wp-container-core-columns-is-layout-28f84493 wp-block-columns-is-layout-flex\">\n<div class=\"wp-block-column is-layout-flow wp-block-column-is-layout-flow\">\n<figure class=\"wp-block-image size-full\"><img fetchpriority=\"high\" decoding=\"async\" width=\"524\" height=\"516\" src=\"http:\/\/izmirtemizlikajansi.com\/wp-content\/uploads\/2026\/02\/villa-ev-temizligi-izmir.png\" alt=\"\" class=\"wp-image-43\" srcset=\"https:\/\/izmirtemizlikajansi.com\/wp-content\/uploads\/2026\/02\/villa-ev-temizligi-izmir.png 524w, https:\/\/izmirtemizlikajansi.com\/wp-content\/uploads\/2026\/02\/villa-ev-temizligi-izmir-300x295.png 300w\" sizes=\"(max-width: 524px) 100vw, 524px\" \/><\/figure>\n<\/div>\n\n\n\n<div class=\"wp-block-column is-layout-flow wp-block-column-is-layout-flow\">\n<div class=\"wp-block-columns is-layout-flex wp-container-core-columns-is-layout-28f84493 wp-block-columns-is-layout-flex\">\n<div class=\"wp-block-column is-layout-flow wp-block-column-is-layout-flow\"><\/div>\n\n\n\n<div class=\"wp-block-column is-layout-flow wp-block-column-is-layout-flow\"><\/div>\n<\/div>\n\n\n\n<p><\/p>\n\n\n\n<p><strong>\u0130ZM\u0130R TEM\u0130ZL\u0130K AJANSI<\/strong><\/p>\n\n\n\n<p><strong>M\u00fc\u015fteri Destek Hatt\u0131:<\/strong> 0554 950 82 27 &#8211; 0532 308 62 88<\/p>\n\n\n\n<p><strong>E-Mail:<\/strong> teklif@izmirtemizlikajansi.com<\/p>\n\n\n\n<p><strong>E-Mail: <\/strong>izmirtemizlikajansi@gmail.com<\/p>\n\n\n\n<p><strong>Adres:<\/strong> \u0130hsan Alyanak Mh. 5004 Sk. No:9 Karaba\u011flar &#8211; \u0130ZM\u0130R<\/p>\n<\/div>\n<\/div>\n\n\n\n<div class=\"wp-block-columns is-layout-flex wp-container-core-columns-is-layout-28f84493 wp-block-columns-is-layout-flex\">\n<div class=\"wp-block-column is-layout-flow wp-block-column-is-layout-flow\"><\/div>\n<\/div>\n\n\n\n<p>NEREDEY\u0130Z?<\/p>\n\n\n\n<iframe src=\"https:\/\/www.google.com\/maps\/embed?pb=!1m18!1m12!1m3!1d3148.503348342352!2d27.12236627578535!3d38.36893197771302!2m3!1f0!2f0!3f0!3m2!1i1024!2i768!4f13.1!3m3!1m2!1s0x14bbdee241f2d479%3A0xc49a9461e1d0b973!2zxLBoc2FuIEFseWFuYWssIDUwMDQuIFNrLiBObzo5LCAzNTEzMCBLYXJhYmHEn2xhci_EsHptaXI!5e1!3m2!1str!2str!4v1771199951221!5m2!1str!2str\" width=\"1200\" height=\"450\" style=\"border:0;\" allowfullscreen=\"\" loading=\"lazy\" referrerpolicy=\"no-referrer-when-downgrade\"><\/iframe>\n","protected":false},"excerpt":{"rendered":"<p>\u0130ZM\u0130R TEM\u0130ZL\u0130K AJANSI M\u00fc\u015fteri Destek Hatt\u0131: 0554 950 82 27 &#8211; 0532 308 62 88 E-Mail: teklif@izmirtemizlikajansi.com E-Mail: izmirtemizlikajansi@gmail.com Adres: \u0130hsan Alyanak Mh. 5004 Sk. No:9 Karaba\u011flar &#8211; \u0130ZM\u0130R NEREDEY\u0130Z?<\/p>\n","protected":false},"author":1,"featured_media":0,"parent":0,"menu_order":0,"comment_status":"closed","ping_status":"closed","template":"","meta":{"footnotes":""},"class_list":["post-125","page","type-page","status-publish","hentry"],"_links":{"self":[{"href":"https:\/\/izmirtemizlikajansi.com\/index.php?rest_route=\/wp\/v2\/pages\/125","targetHints":{"allow":["GET"]}}],"collection":[{"href":"https:\/\/izmirtemizlikajansi.com\/index.php?rest_route=\/wp\/v2\/pages"}],"about":[{"href":"https:\/\/izmirtemizlikajansi.com\/index.php?rest_route=\/wp\/v2\/types\/page"}],"author":[{"embeddable":true,"href":"https:\/\/izmirtemizlikajansi.com\/index.php?rest_route=\/wp\/v2\/users\/1"}],"replies":[{"embeddable":true,"href":"https:\/\/izmirtemizlikajansi.com\/index.php?rest_route=%2Fwp%2Fv2%2Fcomments&post=125"}],"version-history":[{"count":7,"href":"https:\/\/izmirtemizlikajansi.com\/index.php?rest_route=\/wp\/v2\/pages\/125\/revisions"}],"predecessor-version":[{"id":135,"href":"https:\/\/izmirtemizlikajansi.com\/index.php?rest_route=\/wp\/v2\/pages\/125\/revisions\/135"}],"wp:attachment":[{"href":"https:\/\/izmirtemizlikajansi.com\/index.php?rest_route=%2Fwp%2Fv2%2Fmedia&parent=125"}],"curies":[{"name":"wp","href":"https:\/\/api.w.org\/{rel}","templated":true}]}}